{"id":21,"date":"2021-12-29T17:11:32","date_gmt":"2021-12-29T16:11:32","guid":{"rendered":"https:\/\/www.ansheela.be\/?page_id=21"},"modified":"2024-10-18T21:11:04","modified_gmt":"2024-10-18T20:11:04","slug":"welkom","status":"publish","type":"page","link":"https:\/\/blog.ansheela.be\/fr\/","title":{"rendered":"Namaste!"},"content":{"rendered":"<p>Bonjour! \u0928\u092e\u0938\u094d\u0924\u0947<\/p>\n\n\n\n<p>Mon blog existe depuis plusieurs ann\u00e9es. J'y partage mes exp\u00e9riences autour ma qu\u00eate identitaire.<\/p>\n\n\n\n<p>Je suis An Sheela, adopt\u00e9e en Inde en 1981 et m\u00e8re de trois adolescents extraordinaires. Mon mari s\u2019appelle Ivan, il me soutient et crois en moi depuis plus de 20 ans. Ma petite famille est aussi mon port d'attache o\u00f9 je me sens toujours en s\u00e9curit\u00e9. Pour y parvenir, j'ai d\u00fb faire quelques d\u00e9tours depuis le d\u00e9c\u00e8s de mon p\u00e8re adoptif en 2016.<\/p>\n\n\n\n<p>Depuis cette ann\u00e9e-l\u00e0, un nouveau monde s'est ouvert \u00e0 moi. Je suis entr\u00e9e en contact avec des associations qui repr\u00e9sentent les adopt\u00e9s. Cela m'a conduit vers des personnes qui vivaient la m\u00eame chose que moi. J'ai pu y trouver une reconnaissance de mes sentiments et de mes ins\u00e9curit\u00e9s en tant qu'adulte adopt\u00e9. <\/p>\n\n\n\n<p>Quand j'\u00e9tais b\u00e9b\u00e9, je n'ai jamais pu faire le deuil de mes parents indiens.\nEt m\u00eame s'ils sont hors de vue, ils ne sont pas hors de mon c\u0153ur.\nLa m\u00e8re qui m'a port\u00e9e pendant 9 mois a fait tout ce qu'elle pouvait pour me mettre au monde.\nCe n'\u00e9tait pas \u00e9vident dans ce gigantesque pays qu'est l'Inde,\no\u00f9 les hommes ont toujours eu l'avantage et, dans certains endroits, l'ont encore.\nJe ne ressens pas encore de lien convaincant avec mon p\u00e8re biologique.\nIl faut que j'approfondisse ce point.<\/p>\n\n\n\n<p>Lisez mes exp\u00e9riences dans ce blog, vous verrez que tout n'a pas toujours \u00e9t\u00e9 facile. Pourtant, je continue \u00e0 avancer, convaincue que chaque pas me rapproche de moi-m\u00eame. Je peux dire avec fiert\u00e9 que l'An Charmain d'antan ne regarde plus le monde de la m\u00eame mani\u00e8re. Voulez-vous vous joindre \u00e0 moi pour regarder \u00e0 travers mes lunettes et \u00e9largir votre perspective sur l'adoption ? D\u00e9couvrez le domaine de l'adoption (transnationale) en Belgique et en Inde. J'aimerais vous emmener en voyage avec moi.<\/p>\n\n\n\n<p>C'est tout \u00e0 fait passionnant ! Vous le pensez aussi ?<br>Alors abonnez-vous \u00e0 ce blog, suivez-moi et restez inform\u00e9s. <\/p>\n\n\n\n<p>Soyez les bienvenus ! \u0938\u094d\u0935\u093e\u0917\u0924 \u0939\u0947 (Svaagat huh!)<\/p>\n\n\n\n<p>#Spreadtheword #Beinspired #transnationaladoptee #India<\/p>","protected":false},"excerpt":{"rendered":"<p>Hallo! \u0928\u092e\u0938\u094d\u0924\u0947 Mijn blog bestaat al enkele jaren. Ik deel hier mijn belevenissen rond de zoektocht naar mezelf. Ik ben An Sheela, geadopteerd uit India in 1981 en moeder van 3 fantastische tieners. Ik ben gelukkig getrouwd met Ivan, al 20 jaar lang. Hij is mijn steun en toeverlaat. Ook mijn gezin is mijn thuisbasis waar ik me altijd veilig<\/p>","protected":false},"author":1,"featured_media":0,"parent":0,"menu_order":0,"comment_status":"closed","ping_status":"closed","template":"","meta":{"_s2mail":"yes","footnotes":""},"class_list":["post-21","page","type-page","status-publish","hentry"],"_links":{"self":[{"href":"https:\/\/blog.ansheela.be\/fr\/wp-json\/wp\/v2\/pages\/21","targetHints":{"allow":["GET"]}}],"collection":[{"href":"https:\/\/blog.ansheela.be\/fr\/wp-json\/wp\/v2\/pages"}],"about":[{"href":"https:\/\/blog.ansheela.be\/fr\/wp-json\/wp\/v2\/types\/page"}],"author":[{"embeddable":true,"href":"https:\/\/blog.ansheela.be\/fr\/wp-json\/wp\/v2\/users\/1"}],"replies":[{"embeddable":true,"href":"https:\/\/blog.ansheela.be\/fr\/wp-json\/wp\/v2\/comments?post=21"}],"version-history":[{"count":7,"href":"https:\/\/blog.ansheela.be\/fr\/wp-json\/wp\/v2\/pages\/21\/revisions"}],"predecessor-version":[{"id":393,"href":"https:\/\/blog.ansheela.be\/fr\/wp-json\/wp\/v2\/pages\/21\/revisions\/393"}],"wp:attachment":[{"href":"https:\/\/blog.ansheela.be\/fr\/wp-json\/wp\/v2\/media?parent=21"}],"curies":[{"name":"wp","href":"https:\/\/api.w.org\/{rel}","templated":true}]}}